{"id":93,"date":"2012-03-04T00:47:59","date_gmt":"2012-03-04T05:47:59","guid":{"rendered":"http:\/\/www.transitquebec.com\/wordpress2\/?page_id=93"},"modified":"2015-07-21T17:47:48","modified_gmt":"2015-07-21T22:47:48","slug":"commanditaires","status":"publish","type":"page","link":"https:\/\/www.fhtcq.org\/?page_id=93","title":{"rendered":"Commanditaires"},"content":{"rendered":"<p><em><span style=\"font-size: 16px;\"><strong>Notre offre de support publicitaire<\/strong><\/span><\/em><\/p>\n<p><strong><span style=\"font-size: 16px;\">Nous offrons diff\u00e9rentes options publicitaires pour ceux qui d\u00e9sirent annoncer sur nos autobus qui sont au courant d&rsquo;une saison vu lors de diff\u00e9rents \u00e9v\u00e9nements publics (feux d&rsquo;artifice). Que ce soit un quart, une moiti\u00e9 ou un panneau lat\u00e9ral complet ou un panneau arri\u00e8re complet, il nous fera plaisir de discuter avec vous de vos besoins et de vous offrir une offre publicitaire selon vos ambitions. Pour information ou soumission : (514) 241-9421<\/span><\/strong><\/p>\n<p>&nbsp;<\/p>\n<p><span style=\"font-size: 16px;\"><strong>La fondation aimerait \u00e9galement remercier les entreprises et personnes suivantes pour leur implication au niveau de la fondation.<\/strong><\/span><\/p>\n<p><span style=\"font-size: 16px;\"><strong>Autocars Darche-Gros (France)<br \/>\nAtelier Bellechasse de la STM (lieu de restauration)<br \/>\nBus industry magazine<br \/>\nCarrefour-jeunesse Longueuil<br \/>\nEmploy\u00e9s d&rsquo;entretien de la STM<br \/>\nNew York City transit<br \/>\nOc Transpo<br \/>\nMinist\u00e8re des Transports du Qu\u00e9bec<br \/>\nRadio Ville-Marie (Marc Savoy)<br \/>\nSoci\u00e9t\u00e9 de Transport de L\u00e9vis<br \/>\nSoci\u00e9t\u00e9 de Transport de Montr\u00e9al (STM)<br \/>\nSerge Jolin, directeur des projets sp\u00e9ciaux pour la STM<br \/>\nVoiture anciennes et classiques de Montr\u00e9al (VACM)<br \/>\nV\u00e9hicules Utilitaires Anciens (VUA)<br \/>\n<\/strong><\/span><\/p>\n<p>&nbsp;<\/p>\n<p>&nbsp;<\/p>\n","protected":false},"excerpt":{"rendered":"<p>Notre offre de support publicitaire Nous offrons diff\u00e9rentes options publicitaires pour ceux qui d\u00e9sirent annoncer sur nos autobus qui sont au courant d&rsquo;une saison vu lors de diff\u00e9rents \u00e9v\u00e9nements publics (feux d&rsquo;artifice). Que ce soit un quart, une moiti\u00e9 ou un panneau lat\u00e9ral complet ou un panneau arri\u00e8re complet, il nous fera plaisir de discuter &hellip; <\/p>\n<p><a class=\"more-link btn\" href=\"https:\/\/www.fhtcq.org\/?page_id=93\">Lire la suite<\/a><\/p>\n","protected":false},"author":1,"featured_media":0,"parent":0,"menu_order":0,"comment_status":"open","ping_status":"open","template":"","meta":{"ngg_post_thumbnail":0,"footnotes":""},"_links":{"self":[{"href":"https:\/\/www.fhtcq.org\/index.php?rest_route=\/wp\/v2\/pages\/93"}],"collection":[{"href":"https:\/\/www.fhtcq.org\/index.php?rest_route=\/wp\/v2\/pages"}],"about":[{"href":"https:\/\/www.fhtcq.org\/index.php?rest_route=\/wp\/v2\/types\/page"}],"author":[{"embeddable":true,"href":"https:\/\/www.fhtcq.org\/index.php?rest_route=\/wp\/v2\/users\/1"}],"replies":[{"embeddable":true,"href":"https:\/\/www.fhtcq.org\/index.php?rest_route=%2Fwp%2Fv2%2Fcomments&post=93"}],"version-history":[{"count":21,"href":"https:\/\/www.fhtcq.org\/index.php?rest_route=\/wp\/v2\/pages\/93\/revisions"}],"predecessor-version":[{"id":420,"href":"https:\/\/www.fhtcq.org\/index.php?rest_route=\/wp\/v2\/pages\/93\/revisions\/420"}],"wp:attachment":[{"href":"https:\/\/www.fhtcq.org\/index.php?rest_route=%2Fwp%2Fv2%2Fmedia&parent=93"}],"curies":[{"name":"wp","href":"https:\/\/api.w.org\/{rel}","templated":true}]}}