{"id":90,"date":"2012-03-04T00:46:57","date_gmt":"2012-03-04T05:46:57","guid":{"rendered":"http:\/\/www.transitquebec.com\/wordpress2\/?page_id=90"},"modified":"2021-09-05T17:48:44","modified_gmt":"2021-09-05T22:48:44","slug":"location-de-vehicules","status":"publish","type":"page","link":"https:\/\/www.fhtcq.org\/?page_id=90","title":{"rendered":"Location Cin\u00e9ma \/ T\u00e9l\u00e9vision"},"content":{"rendered":"<p><span style=\"font-size: 16px;\"><strong>Nos v\u00e9hicules sont disponibles pour toute sorte d\u2019occasions. Que ce soit dans le cadre de votre prochain court, long m\u00e9trage, tournage publicitaire ou \u00e9v\u00e9nement sp\u00e9cial, nos v\u00e9hicules sauront attirer l\u2019attention.<\/strong><\/span><\/p>\n<p><span style=\"font-size: 16px;\"><strong>Contactez-nous : 514-241-9421<br \/>\n<\/strong><\/span><\/p>\n<p><span style=\"font-size: 16px;\"><strong>T\u00e9l\u00e9charger le document PDF pour plus d&rsquo;informations : <a href=\"https:\/\/www.fhtcq.org\/wp-content\/uploads\/2015\/07\/FHTCQ-Location-cin\u00e9ma.pdf\">FHTCQ &#8211; Location cin\u00e9ma&nbsp;<\/a><br \/>\n(Prenez note que les v\u00e9hicules 7296 et 17-178 ne sont plus disponibles pour la location)<\/strong><\/span><\/p>\n<p>&nbsp;<\/p>\n<p><span style=\"font-size: 16px;\"><strong><em>Prenez note que la fondation ne loue pas ces v\u00e9hicules pour des voyages nolis\u00e9es ou pour des groupes scolaires ou sportifs. <\/em><\/strong><\/span><\/p>\n","protected":false},"excerpt":{"rendered":"<p>Nos v\u00e9hicules sont disponibles pour toute sorte d\u2019occasions. Que ce soit dans le cadre de votre prochain court, long m\u00e9trage, tournage publicitaire ou \u00e9v\u00e9nement sp\u00e9cial, nos v\u00e9hicules sauront attirer l\u2019attention. Contactez-nous : 514-241-9421 T\u00e9l\u00e9charger le document PDF pour plus d&rsquo;informations : FHTCQ &#8211; Location cin\u00e9ma&nbsp; (Prenez note que les v\u00e9hicules 7296 et 17-178 ne sont &hellip; <\/p>\n<p><a class=\"more-link btn\" href=\"https:\/\/www.fhtcq.org\/?page_id=90\">Lire la suite<\/a><\/p>\n","protected":false},"author":1,"featured_media":0,"parent":0,"menu_order":0,"comment_status":"open","ping_status":"open","template":"","meta":{"ngg_post_thumbnail":0,"footnotes":""},"_links":{"self":[{"href":"https:\/\/www.fhtcq.org\/index.php?rest_route=\/wp\/v2\/pages\/90"}],"collection":[{"href":"https:\/\/www.fhtcq.org\/index.php?rest_route=\/wp\/v2\/pages"}],"about":[{"href":"https:\/\/www.fhtcq.org\/index.php?rest_route=\/wp\/v2\/types\/page"}],"author":[{"embeddable":true,"href":"https:\/\/www.fhtcq.org\/index.php?rest_route=\/wp\/v2\/users\/1"}],"replies":[{"embeddable":true,"href":"https:\/\/www.fhtcq.org\/index.php?rest_route=%2Fwp%2Fv2%2Fcomments&post=90"}],"version-history":[{"count":17,"href":"https:\/\/www.fhtcq.org\/index.php?rest_route=\/wp\/v2\/pages\/90\/revisions"}],"predecessor-version":[{"id":458,"href":"https:\/\/www.fhtcq.org\/index.php?rest_route=\/wp\/v2\/pages\/90\/revisions\/458"}],"wp:attachment":[{"href":"https:\/\/www.fhtcq.org\/index.php?rest_route=%2Fwp%2Fv2%2Fmedia&parent=90"}],"curies":[{"name":"wp","href":"https:\/\/api.w.org\/{rel}","templated":true}]}}