{"id":5,"date":"2012-03-03T23:28:49","date_gmt":"2012-03-03T23:28:49","guid":{"rendered":"http:\/\/www.transitquebec.com\/wordpress2\/?page_id=5"},"modified":"2012-07-25T19:18:44","modified_gmt":"2012-07-26T00:18:44","slug":"a-propos","status":"publish","type":"page","link":"https:\/\/www.fhtcq.org\/?page_id=5","title":{"rendered":"\u00c0 propos"},"content":{"rendered":"<p>&nbsp;<\/p>\n<p><strong><span style=\"font-size: 16px;\">La Fondation de l\u2019h\u00e9ritage du transport en commun du Qu\u00e9bec (FHTCQ) est un organisme sans but lucratif qui a comme objectif premier la sauvegarde du patrimoine reli\u00e9 au transport collectif au Qu\u00e9bec et plus particuli\u00e8rement de la r\u00e9gion montr\u00e9alaise. Notre principal actif mus\u00e9al est compos\u00e9 de quatre v\u00e9hicules ayant circul\u00e9 dans les rues de la m\u00e9tropole et ses banlieues des ann\u00e9es 60, et ce, jusqu\u2019au milieu des ann\u00e9es 2000 en plus de nombreuses pi\u00e8ces de collection. Ces membres viennent de milieux et professions diverses et ont tous une passion commune, celle des transports collectifs et de pr\u00e9server son histoire.<\/span><\/strong><\/p>\n<p><span style=\"font-size: 16px;\"><strong><br \/>\n<\/strong><\/span><\/p>\n","protected":false},"excerpt":{"rendered":"<p>&nbsp; La Fondation de l\u2019h\u00e9ritage du transport en commun du Qu\u00e9bec (FHTCQ) est un organisme sans but lucratif qui a comme objectif premier la sauvegarde du patrimoine reli\u00e9 au transport collectif au Qu\u00e9bec et plus particuli\u00e8rement de la r\u00e9gion montr\u00e9alaise. Notre principal actif mus\u00e9al est compos\u00e9 de quatre v\u00e9hicules ayant circul\u00e9 dans les rues de &hellip; <\/p>\n<p><a class=\"more-link btn\" href=\"https:\/\/www.fhtcq.org\/?page_id=5\">Lire la suite<\/a><\/p>\n","protected":false},"author":1,"featured_media":0,"parent":0,"menu_order":0,"comment_status":"closed","ping_status":"closed","template":"","meta":{"ngg_post_thumbnail":0,"footnotes":""},"_links":{"self":[{"href":"https:\/\/www.fhtcq.org\/index.php?rest_route=\/wp\/v2\/pages\/5"}],"collection":[{"href":"https:\/\/www.fhtcq.org\/index.php?rest_route=\/wp\/v2\/pages"}],"about":[{"href":"https:\/\/www.fhtcq.org\/index.php?rest_route=\/wp\/v2\/types\/page"}],"author":[{"embeddable":true,"href":"https:\/\/www.fhtcq.org\/index.php?rest_route=\/wp\/v2\/users\/1"}],"replies":[{"embeddable":true,"href":"https:\/\/www.fhtcq.org\/index.php?rest_route=%2Fwp%2Fv2%2Fcomments&post=5"}],"version-history":[{"count":8,"href":"https:\/\/www.fhtcq.org\/index.php?rest_route=\/wp\/v2\/pages\/5\/revisions"}],"predecessor-version":[{"id":208,"href":"https:\/\/www.fhtcq.org\/index.php?rest_route=\/wp\/v2\/pages\/5\/revisions\/208"}],"wp:attachment":[{"href":"https:\/\/www.fhtcq.org\/index.php?rest_route=%2Fwp%2Fv2%2Fmedia&parent=5"}],"curies":[{"name":"wp","href":"https:\/\/api.w.org\/{rel}","templated":true}]}}