{"id":40,"date":"2012-03-03T23:45:52","date_gmt":"2012-03-03T23:45:52","guid":{"rendered":"http:\/\/www.transitquebec.com\/wordpress2\/?page_id=40"},"modified":"2021-09-05T17:50:40","modified_gmt":"2021-09-05T22:50:40","slug":"nos-vehicules","status":"publish","type":"page","link":"https:\/\/www.fhtcq.org\/?page_id=40","title":{"rendered":"Nos v\u00e9hicules"},"content":{"rendered":"<p><strong><span style=\"font-size: 16px;\">La fondation dispose de quatre v\u00e9hicules historiques, s\u00e9lectionner le lien du v\u00e9hicule qui vous int\u00e9resse afin d&rsquo;en apprendre un peu plus sur celui-ci<\/span><\/strong><\/p>\n<h4><a title=\"GM New Look 1972 (14-008)\" href=\"http:\/\/www.transitquebec.com\/wordpress2\/?page_id=13\"><span style=\"font-size: 16px;\">GM New Look 1972 14-008 &#8211; Ex. Commission de Transport de la Communaut\u00e9 Urbaine de Montr\u00e9al (CTCUM)<\/span><\/a><br \/>\n<a title=\"GM New Look 1983 (33-008)\" href=\"http:\/\/www.transitquebec.com\/wordpress2\/?page_id=17\"><span style=\"font-size: 16px;\">GM New Look 1983 33-008 &#8211; Ex. Commission de Transport de la Communaut\u00e9 Urbaine de Montr\u00e9al (CTCUM)<\/span><\/a><br \/>\n<a title=\"GM Classic 1985 (55-001)\" href=\"http:\/\/www.transitquebec.com\/wordpress2\/?page_id=21\"><span style=\"font-size: 16px;\">GM Classic 1985 55-001 &#8211; Ex. Soci\u00e9t\u00e9 de Transport de la Communaut\u00e9 Urbaine de Montr\u00e9al (STCUM)<\/span><\/a><br \/>\n<a title=\"NovaBus Classic 1995 (15-140)\" href=\"https:\/\/www.fhtcq.org\/?page_id=25\"><span style=\"font-size: 16px;\">Novabus Classic 1995 15-140 &#8211; Ex. Soci\u00e9t\u00e9 de Transport de la Communaut\u00e9 Urbaine de Montr\u00e9al (STCUM)<\/span><\/a><\/h4>\n<p>&nbsp;<\/p>\n","protected":false},"excerpt":{"rendered":"<p>La fondation dispose de quatre v\u00e9hicules historiques, s\u00e9lectionner le lien du v\u00e9hicule qui vous int\u00e9resse afin d&rsquo;en apprendre un peu plus sur celui-ci GM New Look 1972 14-008 &#8211; Ex. Commission de Transport de la Communaut\u00e9 Urbaine de Montr\u00e9al (CTCUM) GM New Look 1983 33-008 &#8211; Ex. Commission de Transport de la Communaut\u00e9 Urbaine de &hellip; <\/p>\n<p><a class=\"more-link btn\" href=\"https:\/\/www.fhtcq.org\/?page_id=40\">Lire la suite<\/a><\/p>\n","protected":false},"author":1,"featured_media":0,"parent":0,"menu_order":0,"comment_status":"closed","ping_status":"closed","template":"","meta":{"ngg_post_thumbnail":0,"footnotes":""},"_links":{"self":[{"href":"https:\/\/www.fhtcq.org\/index.php?rest_route=\/wp\/v2\/pages\/40"}],"collection":[{"href":"https:\/\/www.fhtcq.org\/index.php?rest_route=\/wp\/v2\/pages"}],"about":[{"href":"https:\/\/www.fhtcq.org\/index.php?rest_route=\/wp\/v2\/types\/page"}],"author":[{"embeddable":true,"href":"https:\/\/www.fhtcq.org\/index.php?rest_route=\/wp\/v2\/users\/1"}],"replies":[{"embeddable":true,"href":"https:\/\/www.fhtcq.org\/index.php?rest_route=%2Fwp%2Fv2%2Fcomments&post=40"}],"version-history":[{"count":12,"href":"https:\/\/www.fhtcq.org\/index.php?rest_route=\/wp\/v2\/pages\/40\/revisions"}],"predecessor-version":[{"id":460,"href":"https:\/\/www.fhtcq.org\/index.php?rest_route=\/wp\/v2\/pages\/40\/revisions\/460"}],"wp:attachment":[{"href":"https:\/\/www.fhtcq.org\/index.php?rest_route=%2Fwp%2Fv2%2Fmedia&parent=40"}],"curies":[{"name":"wp","href":"https:\/\/api.w.org\/{rel}","templated":true}]}}