{"id":17,"date":"2012-03-03T23:30:59","date_gmt":"2012-03-03T23:30:59","guid":{"rendered":"http:\/\/www.transitquebec.com\/wordpress2\/?page_id=17"},"modified":"2018-02-06T18:12:30","modified_gmt":"2018-02-06T23:12:30","slug":"vehicule-33-008","status":"publish","type":"page","link":"https:\/\/www.fhtcq.org\/?page_id=17","title":{"rendered":"GM New Look 1983 (33-008)"},"content":{"rendered":"<p><strong>Num\u00e9ro de v\u00e9hicule: 33-008<\/strong><br \/>\n<strong> Mod\u00e8le: T6H-5307N (New Look)<\/strong><br \/>\n<strong> Num\u00e9ro de S\u00e9rie :<\/strong><br \/>\n<strong> Ann\u00e9e : 1983<\/strong><br \/>\n<strong> Fabricant: General Motors Diesel Division, Saint-Eustache (Qu\u00e9bec)<\/strong><br \/>\n<strong> Moteur : Detroit Diesel 6V71<\/strong><br \/>\n<strong> Transmission : Allison V730<\/strong><br \/>\n<strong> Longueur \/ Largeur : 40 pieds \/ 102 pouces<\/strong><br \/>\n<strong> Places assises : 53<\/strong><\/p>\n<p><strong>Construit en 1983, cet autobus fait partie d\u2019une commande de huit autobus similaires construits la m\u00eame ann\u00e9e et sera le dernier de type \u00ab\u00a0New Look\u00a0\u00bb \u00e0 \u00eatre acquis par la CTCUM. Initialement, ce groupe d\u2019autobus sera affect\u00e9 aux lignes de banlieues en dehors de l\u2019\u00eele de Montr\u00e9al (Montr\u00e9al\/Valleyfield, Montr\u00e9al\/Huntingdon, Montr\u00e9al\/Ch\u00e2teauguay, Montr\u00e9al\/Berthierville) provenant de la fusion de la compagnie M\u00e9tropolitain Provincial en 1982. Ce service appel\u00e9 Le r\u00e9gional sera en fonction jusqu\u2019en&nbsp;d\u00e9cembre 1989. D\u00fb \u00e0 l\u2019absence d\u2019une porte de sortie \u00e0 l\u2019arri\u00e8re et \u00e0 la configuration des si\u00e8ges int\u00e9rieurs qui&nbsp;priorise les places assises au d\u00e9triment de la capacit\u00e9 totale des passagers, ils seront mis en entreposage pour une p\u00e9riode de temps, pour ensuite \u00eatre affect\u00e9s \u00e0 des lignes urbaines de faible densit\u00e9 (telle la ligne 210) jusqu\u2019en 1998.\u00c0 son retrait du service r\u00e9gulier, cet autobus sera offert en don \u00e0 la Fondation par la STCUM en 1999.<\/strong><\/p>\n\n<div class=\"ngg-galleryoverview ngg-slideshow\"\n\tid=\"ngg-slideshow-eaf0b10f5eb9e0e192546d2ab345b374-7383062360\"\n\tdata-gallery-id=\"eaf0b10f5eb9e0e192546d2ab345b374\"\n\tstyle=\"max-width: px;\n\t\t\tmax-height: px;\n\t\t\tdisplay: none;\">\n\n\t\n\t\t<a href=\"https:\/\/www.fhtcq.org\/wp-content\/gallery\/vehicule_33008\/33008_a.jpg\"\n\t\t\ttitle=\"\"\n\t\t\tdata-src=\"https:\/\/www.fhtcq.org\/wp-content\/gallery\/vehicule_33008\/33008_a.jpg\"\n\t\t\tdata-thumbnail=\"https:\/\/www.fhtcq.org\/wp-content\/gallery\/vehicule_33008\/thumbs\/thumbs_33008_a.jpg\"\n\t\t\tdata-image-id=\"9\"\n\t\t\tdata-title=\"33008_a\"\n\t\t\tdata-description=\"\"\n\t\t\tclass=\"shutterset_eaf0b10f5eb9e0e192546d2ab345b374\">\n\n\t\t\t<img data-image-id='9'\n\t\t\t\ttitle=\"\"\n\t\t\t\talt=\"33008_a\"\n\t\t\t\tsrc=\"https:\/\/www.fhtcq.org\/wp-content\/gallery\/vehicule_33008\/33008_a.jpg\"\n\t\t\t\tstyle=\"max-height: -20px;\"\/>\n\t\t<\/a>\n\n\t\t\n\t\t<a href=\"https:\/\/www.fhtcq.org\/wp-content\/gallery\/vehicule_33008\/33008_b.jpg\"\n\t\t\ttitle=\"\"\n\t\t\tdata-src=\"https:\/\/www.fhtcq.org\/wp-content\/gallery\/vehicule_33008\/33008_b.jpg\"\n\t\t\tdata-thumbnail=\"https:\/\/www.fhtcq.org\/wp-content\/gallery\/vehicule_33008\/thumbs\/thumbs_33008_b.jpg\"\n\t\t\tdata-image-id=\"10\"\n\t\t\tdata-title=\"33008_b\"\n\t\t\tdata-description=\"\"\n\t\t\tclass=\"shutterset_eaf0b10f5eb9e0e192546d2ab345b374\">\n\n\t\t\t<img data-image-id='10'\n\t\t\t\ttitle=\"\"\n\t\t\t\talt=\"33008_b\"\n\t\t\t\tsrc=\"https:\/\/www.fhtcq.org\/wp-content\/gallery\/vehicule_33008\/33008_b.jpg\"\n\t\t\t\tstyle=\"max-height: -20px;\"\/>\n\t\t<\/a>\n\n\t\t\n\t\t<a href=\"https:\/\/www.fhtcq.org\/wp-content\/gallery\/vehicule_33008\/33008_c.jpg\"\n\t\t\ttitle=\"\"\n\t\t\tdata-src=\"https:\/\/www.fhtcq.org\/wp-content\/gallery\/vehicule_33008\/33008_c.jpg\"\n\t\t\tdata-thumbnail=\"https:\/\/www.fhtcq.org\/wp-content\/gallery\/vehicule_33008\/thumbs\/thumbs_33008_c.jpg\"\n\t\t\tdata-image-id=\"11\"\n\t\t\tdata-title=\"33008_c\"\n\t\t\tdata-description=\"\"\n\t\t\tclass=\"shutterset_eaf0b10f5eb9e0e192546d2ab345b374\">\n\n\t\t\t<img data-image-id='11'\n\t\t\t\ttitle=\"\"\n\t\t\t\talt=\"33008_c\"\n\t\t\t\tsrc=\"https:\/\/www.fhtcq.org\/wp-content\/gallery\/vehicule_33008\/33008_c.jpg\"\n\t\t\t\tstyle=\"max-height: -20px;\"\/>\n\t\t<\/a>\n\n\t\t<\/div>\n\n\n\n","protected":false},"excerpt":{"rendered":"<p>Num\u00e9ro de v\u00e9hicule: 33-008 Mod\u00e8le: T6H-5307N (New Look) Num\u00e9ro de S\u00e9rie : Ann\u00e9e : 1983 Fabricant: General Motors Diesel Division, Saint-Eustache (Qu\u00e9bec) Moteur : Detroit Diesel 6V71 Transmission : Allison V730 Longueur \/ Largeur : 40 pieds \/ 102 pouces Places assises : 53 Construit en 1983, cet autobus fait partie d\u2019une commande de huit &hellip; <\/p>\n<p><a class=\"more-link btn\" href=\"https:\/\/www.fhtcq.org\/?page_id=17\">Lire la suite<\/a><\/p>\n","protected":false},"author":1,"featured_media":0,"parent":0,"menu_order":0,"comment_status":"closed","ping_status":"closed","template":"","meta":{"ngg_post_thumbnail":0,"footnotes":""},"_links":{"self":[{"href":"https:\/\/www.fhtcq.org\/index.php?rest_route=\/wp\/v2\/pages\/17"}],"collection":[{"href":"https:\/\/www.fhtcq.org\/index.php?rest_route=\/wp\/v2\/pages"}],"about":[{"href":"https:\/\/www.fhtcq.org\/index.php?rest_route=\/wp\/v2\/types\/page"}],"author":[{"embeddable":true,"href":"https:\/\/www.fhtcq.org\/index.php?rest_route=\/wp\/v2\/users\/1"}],"replies":[{"embeddable":true,"href":"https:\/\/www.fhtcq.org\/index.php?rest_route=%2Fwp%2Fv2%2Fcomments&post=17"}],"version-history":[{"count":18,"href":"https:\/\/www.fhtcq.org\/index.php?rest_route=\/wp\/v2\/pages\/17\/revisions"}],"predecessor-version":[{"id":442,"href":"https:\/\/www.fhtcq.org\/index.php?rest_route=\/wp\/v2\/pages\/17\/revisions\/442"}],"wp:attachment":[{"href":"https:\/\/www.fhtcq.org\/index.php?rest_route=%2Fwp%2Fv2%2Fmedia&parent=17"}],"curies":[{"name":"wp","href":"https:\/\/api.w.org\/{rel}","templated":true}]}}